{"id":2264,"date":"2024-10-03T16:37:28","date_gmt":"2024-10-03T21:37:28","guid":{"rendered":"https:\/\/solcafe.pe\/?page_id=2264"},"modified":"2024-10-26T01:46:37","modified_gmt":"2024-10-26T06:46:37","slug":"unidades_negocios","status":"publish","type":"page","link":"https:\/\/solcafe.pe\/index.php\/unidades_negocios\/","title":{"rendered":"Unidades de Negocio"},"content":{"rendered":"<div class=\"wpb-content-wrapper\"><p>[vc_row css=\u00bb.vc_custom_1560786853911{margin-bottom: -50px !important;}\u00bb][vc_column][vc_row_inner equal_height=\u00bbyes\u00bb][vc_column_inner width=\u00bb1\/2&#8243; css=\u00bb.vc_custom_1560417813494{padding-bottom: 50px !important;}\u00bb]<style type=\"text\/css\" data-type=\"the7_shortcodes-inline-css\">.shortcode-single-image-wrap.shortcode-single-image-f82e70d0f8cc049d46b00f3b8a05b352.enable-bg-rollover .rollover i,\n.shortcode-single-image-wrap.shortcode-single-image-f82e70d0f8cc049d46b00f3b8a05b352.enable-bg-rollover .rollover-video i {\n  background: -webkit-linear-gradient();\n  background: linear-gradient();\n}\n.shortcode-single-image-wrap.shortcode-single-image-f82e70d0f8cc049d46b00f3b8a05b352 .rollover-icon {\n  font-size: 32px;\n  color: #ffffff;\n  min-width: 44px;\n  min-height: 44px;\n  line-height: 44px;\n  border-radius: 100px;\n  border-style: solid;\n  border-width: 0px;\n}\n.dt-icon-bg-on.shortcode-single-image-wrap.shortcode-single-image-f82e70d0f8cc049d46b00f3b8a05b352 .rollover-icon {\n  background: rgba(255,255,255,0.3);\n  box-shadow: none;\n}<\/style><div class=\"shortcode-single-image-wrap shortcode-single-image-f82e70d0f8cc049d46b00f3b8a05b352 alignnone  vc_custom_1729925172598 enable-bg-rollover dt-icon-bg-off\" ><div class=\"shortcode-single-image\"><div class=\"fancy-media-wrap\" style=\"\"><a href=\"https:\/\/solcafe.pe\/index.php\/unidades_negocios\/farmer-house\/\" class=\" layzr-bg rollover\" style=\"\" aria-label=\"Image\"><img decoding=\"async\" class=\"preload-me lazy-load aspect\" src=\"data:image\/svg+xml,%3Csvg%20xmlns%3D&#39;http%3A%2F%2Fwww.w3.org%2F2000%2Fsvg&#39;%20viewBox%3D&#39;0%200%20200%20200&#39;%2F%3E\" data-src=\"https:\/\/solcafe.pe\/wp-content\/uploads\/2024\/10\/farmer-house-1-200x200.jpg\" data-srcset=\"https:\/\/solcafe.pe\/wp-content\/uploads\/2024\/10\/farmer-house-1-200x200.jpg 200w, https:\/\/solcafe.pe\/wp-content\/uploads\/2024\/10\/farmer-house-1-400x400.jpg 400w\" loading=\"eager\" style=\"--ratio: 200 \/ 200\" sizes=\"(max-width: 200px) 100vw, 200px\" width=\"200\" height=\"200\"  data-dt-location=\"https:\/\/solcafe.pe\/index.php\/solcafe-3\/farmer-house-3\/\" alt=\"\" \/><\/a><\/div><\/div><\/div><div id=\"ultimate-heading-701769fb33ebd2e2c\" class=\"uvc-heading ult-adjust-bottom-margin ultimate-heading-701769fb33ebd2e2c uvc-3232 \" data-hspacer=\"no_spacer\"  data-halign=\"center\" style=\"text-align:center\"><div class=\"uvc-heading-spacer no_spacer\" style=\"top\"><\/div><div class=\"uvc-main-heading ult-responsive\"  data-ultimate-target='.uvc-heading.ultimate-heading-701769fb33ebd2e2c h2'  data-responsive-json-new='{\"font-size\":\"desktop:24px;\",\"line-height\":\"desktop:34px;\"}' ><h2 style=\"font-weight:bold;margin-bottom:5px;\">Farmer House<\/h2><\/div><div class=\"uvc-sub-heading ult-responsive\"  data-ultimate-target='.uvc-heading.ultimate-heading-701769fb33ebd2e2c .uvc-sub-heading '  data-responsive-json-new='{\"font-size\":\"desktop:16px;\",\"line-height\":\"desktop:28px;\"}'  style=\"font-weight:normal;margin-bottom:20px;\">Unidad de negocio emprendedora que ofrece a sus clientes alimentos saludables procedente de finca agropecuarias de los socios de la cooperativa Sol&amp;Caf\u00e9.<\/div><\/div><style type=\"text\/css\" data-type=\"the7_shortcodes-inline-css\">#default-btn-bab9c96da4cc27965561cfcadb18c5ae.ico-right-side > i {\n  margin-right: 0px;\n  margin-left: 8px;\n}\n#default-btn-bab9c96da4cc27965561cfcadb18c5ae > i {\n  margin-right: 8px;\n}<\/style><div class=\"btn-align-center\"><a href=\"https:\/\/solcafe.pe\/index.php\/unidades_negocios\/farmer-house\/\" class=\"default-btn-shortcode dt-btn dt-btn-m link-hover-off \" id=\"default-btn-bab9c96da4cc27965561cfcadb18c5ae\" title=\"Farmer House\"><span>M\u00e1s detalles<\/span><\/a><\/div>[\/vc_column_inner][vc_column_inner width=\u00bb1\/2&#8243; css=\u00bb.vc_custom_1560417805392{padding-bottom: 50px !important;}\u00bb]<style type=\"text\/css\" data-type=\"the7_shortcodes-inline-css\">.shortcode-single-image-wrap.shortcode-single-image-9cc1a4b4664ae2287cf200a2ce631eec.enable-bg-rollover .rollover i,\n.shortcode-single-image-wrap.shortcode-single-image-9cc1a4b4664ae2287cf200a2ce631eec.enable-bg-rollover .rollover-video i {\n  background: -webkit-linear-gradient();\n  background: linear-gradient();\n}\n.shortcode-single-image-wrap.shortcode-single-image-9cc1a4b4664ae2287cf200a2ce631eec .rollover-icon {\n  font-size: 32px;\n  color: #ffffff;\n  min-width: 44px;\n  min-height: 44px;\n  line-height: 44px;\n  border-radius: 100px;\n  border-style: solid;\n  border-width: 0px;\n}\n.dt-icon-bg-on.shortcode-single-image-wrap.shortcode-single-image-9cc1a4b4664ae2287cf200a2ce631eec .rollover-icon {\n  background: rgba(255,255,255,0.3);\n  box-shadow: none;\n}<\/style><div class=\"shortcode-single-image-wrap shortcode-single-image-9cc1a4b4664ae2287cf200a2ce631eec alignnone  vc_custom_1729925193093 enable-bg-rollover dt-icon-bg-off\" ><div class=\"shortcode-single-image\"><div class=\"fancy-media-wrap\" style=\"\"><a href=\"https:\/\/solcafe.pe\/index.php\/unidades_negocios\/coffee-house\/\" class=\" layzr-bg rollover\" style=\"\" aria-label=\"Image\"><img decoding=\"async\" class=\"preload-me lazy-load aspect\" src=\"data:image\/svg+xml,%3Csvg%20xmlns%3D&#39;http%3A%2F%2Fwww.w3.org%2F2000%2Fsvg&#39;%20viewBox%3D&#39;0%200%20200%20200&#39;%2F%3E\" data-src=\"https:\/\/solcafe.pe\/wp-content\/uploads\/2024\/10\/LOGO-COFFEE-HOUSE-VECTORIZADO-200x200.png\" data-srcset=\"https:\/\/solcafe.pe\/wp-content\/uploads\/2024\/10\/LOGO-COFFEE-HOUSE-VECTORIZADO-200x200.png 200w, https:\/\/solcafe.pe\/wp-content\/uploads\/2024\/10\/LOGO-COFFEE-HOUSE-VECTORIZADO-376x376.png 376w\" loading=\"eager\" style=\"--ratio: 200 \/ 200\" sizes=\"(max-width: 200px) 100vw, 200px\" width=\"200\" height=\"200\"  data-dt-location=\"https:\/\/solcafe.pe\/index.php\/solcafe-3\/logo-coffee-house-vectorizado\/\" alt=\"\" \/><\/a><\/div><\/div><\/div><div id=\"ultimate-heading-17069fb33ebd36e5\" class=\"uvc-heading ult-adjust-bottom-margin ultimate-heading-17069fb33ebd36e5 uvc-1935 \" data-hspacer=\"no_spacer\"  data-halign=\"center\" style=\"text-align:center\"><div class=\"uvc-heading-spacer no_spacer\" style=\"top\"><\/div><div class=\"uvc-main-heading ult-responsive\"  data-ultimate-target='.uvc-heading.ultimate-heading-17069fb33ebd36e5 h2'  data-responsive-json-new='{\"font-size\":\"desktop:24px;\",\"line-height\":\"desktop:34px;\"}' ><h2 style=\"font-weight:bold;margin-bottom:5px;\">Coffee House<\/h2><\/div><div class=\"uvc-sub-heading ult-responsive\"  data-ultimate-target='.uvc-heading.ultimate-heading-17069fb33ebd36e5 .uvc-sub-heading '  data-responsive-json-new='{\"font-size\":\"desktop:16px;\",\"line-height\":\"desktop:28px;\"}'  style=\"font-weight:normal;margin-bottom:20px;\">La cafeter\u00eda Sol&amp;Caf\u00e9 CoffeeHouse busca realzar la calidad del caf\u00e9 de los socios productores de la Cooperativa Sol &amp; Caf\u00e9 distribuidos en las provincias de Ja\u00e9n y San Ignacio, regi\u00f3n Cajamarca.<\/div><\/div><style type=\"text\/css\" data-type=\"the7_shortcodes-inline-css\">#default-btn-1af92db5f722cf7bd2f21a788eced820.ico-right-side > i {\n  margin-right: 0px;\n  margin-left: 8px;\n}\n#default-btn-1af92db5f722cf7bd2f21a788eced820 > i {\n  margin-right: 8px;\n}<\/style><div class=\"btn-align-center\"><a href=\"https:\/\/solcafe.pe\/index.php\/unidades_negocios\/coffee-house\/\" class=\"default-btn-shortcode dt-btn dt-btn-m link-hover-off \" id=\"default-btn-1af92db5f722cf7bd2f21a788eced820\" title=\"Sol&Caf\u00e9 Coffee House\"><span>M\u00e1s detalles<\/span><\/a><\/div>[\/vc_column_inner][\/vc_row_inner][\/vc_column][\/vc_row]<\/p>\n<\/div>","protected":false},"excerpt":{"rendered":"<p>[vc_row css=\u00bb.vc_custom_1560786853911{margin-bottom: -50px !important;}\u00bb][vc_column][vc_row_inner equal_height=\u00bbyes\u00bb][vc_column_inner width=\u00bb1\/2&#8243; css=\u00bb.vc_custom_1560417813494{padding-bottom: 50px !important;}\u00bb][\/vc_column_inner][vc_column_inner width=\u00bb1\/2&#8243; css=\u00bb.vc_custom_1560417805392{padding-bottom: 50px !important;}\u00bb][\/vc_column_inner][\/vc_row_inner][\/vc_column][\/vc_row]<\/p>\n","protected":false},"author":1,"featured_media":2152,"parent":0,"menu_order":20,"comment_status":"closed","ping_status":"closed","template":"","meta":{"footnotes":""},"class_list":["post-2264","page","type-page","status-publish","has-post-thumbnail","hentry","description-off"],"yoast_head":"<!-- This site is optimized with the Yoast SEO plugin v26.9 - https:\/\/yoast.com\/product\/yoast-seo-wordpress\/ -->\n<title>Unidades de Negocio -<\/title>\n<meta name=\"robots\" content=\"index, follow, max-snippet:-1, max-image-preview:large, max-video-preview:-1\" \/>\n<link rel=\"canonical\" href=\"https:\/\/solcafe.pe\/index.php\/unidades_negocios\/\" \/>\n<meta property=\"og:locale\" content=\"es_ES\" \/>\n<meta property=\"og:type\" content=\"article\" \/>\n<meta property=\"og:title\" content=\"Unidades de Negocio -\" \/>\n<meta property=\"og:description\" content=\"[vc_row css=\u00bb.vc_custom_1560786853911{margin-bottom: -50px !important;}\u00bb][vc_column][vc_row_inner equal_height=\u00bbyes\u00bb][vc_column_inner width=\u00bb1\/2&#8243; css=\u00bb.vc_custom_1560417813494{padding-bottom: 50px !important;}\u00bb][\/vc_column_inner][vc_column_inner width=\u00bb1\/2&#8243; css=\u00bb.vc_custom_1560417805392{padding-bottom: 50px !important;}\u00bb][\/vc_column_inner][\/vc_row_inner][\/vc_column][\/vc_row]\" \/>\n<meta property=\"og:url\" content=\"https:\/\/solcafe.pe\/index.php\/unidades_negocios\/\" \/>\n<meta property=\"article:publisher\" content=\"https:\/\/www.facebook.com\/cooperativasolcafe\" \/>\n<meta property=\"article:modified_time\" content=\"2024-10-26T06:46:37+00:00\" \/>\n<meta property=\"og:image\" content=\"https:\/\/solcafe.pe\/wp-content\/uploads\/2024\/10\/dios_te_de.jpg\" \/>\n\t<meta property=\"og:image:width\" content=\"200\" \/>\n\t<meta property=\"og:image:height\" content=\"200\" \/>\n\t<meta property=\"og:image:type\" content=\"image\/jpeg\" \/>\n<meta name=\"twitter:card\" content=\"summary_large_image\" \/>\n<meta name=\"twitter:label1\" content=\"Tiempo de lectura\" \/>\n\t<meta name=\"twitter:data1\" content=\"2 minutos\" \/>\n<script type=\"application\/ld+json\" class=\"yoast-schema-graph\">{\"@context\":\"https:\/\/schema.org\",\"@graph\":[{\"@type\":\"WebPage\",\"@id\":\"https:\/\/solcafe.pe\/index.php\/unidades_negocios\/\",\"url\":\"https:\/\/solcafe.pe\/index.php\/unidades_negocios\/\",\"name\":\"Unidades de Negocio -\",\"isPartOf\":{\"@id\":\"https:\/\/solcafe.pe\/#website\"},\"primaryImageOfPage\":{\"@id\":\"https:\/\/solcafe.pe\/index.php\/unidades_negocios\/#primaryimage\"},\"image\":{\"@id\":\"https:\/\/solcafe.pe\/index.php\/unidades_negocios\/#primaryimage\"},\"thumbnailUrl\":\"https:\/\/solcafe.pe\/wp-content\/uploads\/2024\/10\/dios_te_de.jpg\",\"datePublished\":\"2024-10-03T21:37:28+00:00\",\"dateModified\":\"2024-10-26T06:46:37+00:00\",\"breadcrumb\":{\"@id\":\"https:\/\/solcafe.pe\/index.php\/unidades_negocios\/#breadcrumb\"},\"inLanguage\":\"es\",\"potentialAction\":[{\"@type\":\"ReadAction\",\"target\":[\"https:\/\/solcafe.pe\/index.php\/unidades_negocios\/\"]}]},{\"@type\":\"ImageObject\",\"inLanguage\":\"es\",\"@id\":\"https:\/\/solcafe.pe\/index.php\/unidades_negocios\/#primaryimage\",\"url\":\"https:\/\/solcafe.pe\/wp-content\/uploads\/2024\/10\/dios_te_de.jpg\",\"contentUrl\":\"https:\/\/solcafe.pe\/wp-content\/uploads\/2024\/10\/dios_te_de.jpg\",\"width\":200,\"height\":200},{\"@type\":\"BreadcrumbList\",\"@id\":\"https:\/\/solcafe.pe\/index.php\/unidades_negocios\/#breadcrumb\",\"itemListElement\":[{\"@type\":\"ListItem\",\"position\":1,\"name\":\"Portada\",\"item\":\"https:\/\/solcafe.pe\/\"},{\"@type\":\"ListItem\",\"position\":2,\"name\":\"Unidades de Negocio\"}]},{\"@type\":\"WebSite\",\"@id\":\"https:\/\/solcafe.pe\/#website\",\"url\":\"https:\/\/solcafe.pe\/\",\"name\":\"Sol&Cafe\",\"description\":\"\",\"publisher\":{\"@id\":\"https:\/\/solcafe.pe\/#organization\"},\"potentialAction\":[{\"@type\":\"SearchAction\",\"target\":{\"@type\":\"EntryPoint\",\"urlTemplate\":\"https:\/\/solcafe.pe\/?s={search_term_string}\"},\"query-input\":{\"@type\":\"PropertyValueSpecification\",\"valueRequired\":true,\"valueName\":\"search_term_string\"}}],\"inLanguage\":\"es\"},{\"@type\":\"Organization\",\"@id\":\"https:\/\/solcafe.pe\/#organization\",\"name\":\"Cooperativa de Servicios M\u00faltiples Sol&Caf\u00e9\",\"url\":\"https:\/\/solcafe.pe\/\",\"logo\":{\"@type\":\"ImageObject\",\"inLanguage\":\"es\",\"@id\":\"https:\/\/solcafe.pe\/#\/schema\/logo\/image\/\",\"url\":\"https:\/\/solcafe.pe\/wp-content\/uploads\/2026\/02\/logo_only.png\",\"contentUrl\":\"https:\/\/solcafe.pe\/wp-content\/uploads\/2026\/02\/logo_only.png\",\"width\":436,\"height\":471,\"caption\":\"Cooperativa de Servicios M\u00faltiples Sol&Caf\u00e9\"},\"image\":{\"@id\":\"https:\/\/solcafe.pe\/#\/schema\/logo\/image\/\"},\"sameAs\":[\"https:\/\/www.facebook.com\/cooperativasolcafe\"]}]}<\/script>\n<!-- \/ Yoast SEO plugin. -->","yoast_head_json":{"title":"Unidades de Negocio -","robots":{"index":"index","follow":"follow","max-snippet":"max-snippet:-1","max-image-preview":"max-image-preview:large","max-video-preview":"max-video-preview:-1"},"canonical":"https:\/\/solcafe.pe\/index.php\/unidades_negocios\/","og_locale":"es_ES","og_type":"article","og_title":"Unidades de Negocio -","og_description":"[vc_row css=\u00bb.vc_custom_1560786853911{margin-bottom: -50px !important;}\u00bb][vc_column][vc_row_inner equal_height=\u00bbyes\u00bb][vc_column_inner width=\u00bb1\/2&#8243; css=\u00bb.vc_custom_1560417813494{padding-bottom: 50px !important;}\u00bb][\/vc_column_inner][vc_column_inner width=\u00bb1\/2&#8243; css=\u00bb.vc_custom_1560417805392{padding-bottom: 50px !important;}\u00bb][\/vc_column_inner][\/vc_row_inner][\/vc_column][\/vc_row]","og_url":"https:\/\/solcafe.pe\/index.php\/unidades_negocios\/","article_publisher":"https:\/\/www.facebook.com\/cooperativasolcafe","article_modified_time":"2024-10-26T06:46:37+00:00","og_image":[{"width":200,"height":200,"url":"https:\/\/solcafe.pe\/wp-content\/uploads\/2024\/10\/dios_te_de.jpg","type":"image\/jpeg"}],"twitter_card":"summary_large_image","twitter_misc":{"Tiempo de lectura":"2 minutos"},"schema":{"@context":"https:\/\/schema.org","@graph":[{"@type":"WebPage","@id":"https:\/\/solcafe.pe\/index.php\/unidades_negocios\/","url":"https:\/\/solcafe.pe\/index.php\/unidades_negocios\/","name":"Unidades de Negocio -","isPartOf":{"@id":"https:\/\/solcafe.pe\/#website"},"primaryImageOfPage":{"@id":"https:\/\/solcafe.pe\/index.php\/unidades_negocios\/#primaryimage"},"image":{"@id":"https:\/\/solcafe.pe\/index.php\/unidades_negocios\/#primaryimage"},"thumbnailUrl":"https:\/\/solcafe.pe\/wp-content\/uploads\/2024\/10\/dios_te_de.jpg","datePublished":"2024-10-03T21:37:28+00:00","dateModified":"2024-10-26T06:46:37+00:00","breadcrumb":{"@id":"https:\/\/solcafe.pe\/index.php\/unidades_negocios\/#breadcrumb"},"inLanguage":"es","potentialAction":[{"@type":"ReadAction","target":["https:\/\/solcafe.pe\/index.php\/unidades_negocios\/"]}]},{"@type":"ImageObject","inLanguage":"es","@id":"https:\/\/solcafe.pe\/index.php\/unidades_negocios\/#primaryimage","url":"https:\/\/solcafe.pe\/wp-content\/uploads\/2024\/10\/dios_te_de.jpg","contentUrl":"https:\/\/solcafe.pe\/wp-content\/uploads\/2024\/10\/dios_te_de.jpg","width":200,"height":200},{"@type":"BreadcrumbList","@id":"https:\/\/solcafe.pe\/index.php\/unidades_negocios\/#breadcrumb","itemListElement":[{"@type":"ListItem","position":1,"name":"Portada","item":"https:\/\/solcafe.pe\/"},{"@type":"ListItem","position":2,"name":"Unidades de Negocio"}]},{"@type":"WebSite","@id":"https:\/\/solcafe.pe\/#website","url":"https:\/\/solcafe.pe\/","name":"Sol&Cafe","description":"","publisher":{"@id":"https:\/\/solcafe.pe\/#organization"},"potentialAction":[{"@type":"SearchAction","target":{"@type":"EntryPoint","urlTemplate":"https:\/\/solcafe.pe\/?s={search_term_string}"},"query-input":{"@type":"PropertyValueSpecification","valueRequired":true,"valueName":"search_term_string"}}],"inLanguage":"es"},{"@type":"Organization","@id":"https:\/\/solcafe.pe\/#organization","name":"Cooperativa de Servicios M\u00faltiples Sol&Caf\u00e9","url":"https:\/\/solcafe.pe\/","logo":{"@type":"ImageObject","inLanguage":"es","@id":"https:\/\/solcafe.pe\/#\/schema\/logo\/image\/","url":"https:\/\/solcafe.pe\/wp-content\/uploads\/2026\/02\/logo_only.png","contentUrl":"https:\/\/solcafe.pe\/wp-content\/uploads\/2026\/02\/logo_only.png","width":436,"height":471,"caption":"Cooperativa de Servicios M\u00faltiples Sol&Caf\u00e9"},"image":{"@id":"https:\/\/solcafe.pe\/#\/schema\/logo\/image\/"},"sameAs":["https:\/\/www.facebook.com\/cooperativasolcafe"]}]}},"_links":{"self":[{"href":"https:\/\/solcafe.pe\/index.php\/wp-json\/wp\/v2\/pages\/2264","targetHints":{"allow":["GET"]}}],"collection":[{"href":"https:\/\/solcafe.pe\/index.php\/wp-json\/wp\/v2\/pages"}],"about":[{"href":"https:\/\/solcafe.pe\/index.php\/wp-json\/wp\/v2\/types\/page"}],"author":[{"embeddable":true,"href":"https:\/\/solcafe.pe\/index.php\/wp-json\/wp\/v2\/users\/1"}],"replies":[{"embeddable":true,"href":"https:\/\/solcafe.pe\/index.php\/wp-json\/wp\/v2\/comments?post=2264"}],"version-history":[{"count":5,"href":"https:\/\/solcafe.pe\/index.php\/wp-json\/wp\/v2\/pages\/2264\/revisions"}],"predecessor-version":[{"id":2606,"href":"https:\/\/solcafe.pe\/index.php\/wp-json\/wp\/v2\/pages\/2264\/revisions\/2606"}],"wp:featuredmedia":[{"embeddable":true,"href":"https:\/\/solcafe.pe\/index.php\/wp-json\/wp\/v2\/media\/2152"}],"wp:attachment":[{"href":"https:\/\/solcafe.pe\/index.php\/wp-json\/wp\/v2\/media?parent=2264"}],"curies":[{"name":"wp","href":"https:\/\/api.w.org\/{rel}","templated":true}]}}