{"id":2475,"date":"2024-10-24T02:19:50","date_gmt":"2024-10-24T07:19:50","guid":{"rendered":"https:\/\/solcafe.pe\/?page_id=2475"},"modified":"2024-12-21T11:35:06","modified_gmt":"2024-12-21T16:35:06","slug":"perla_amoju","status":"publish","type":"page","link":"https:\/\/solcafe.pe\/index.php\/nuestros_productos\/perla_amoju\/","title":{"rendered":"CHOCOLATE PERLA DEL AMOJ\u00da"},"content":{"rendered":"<div class=\"wpb-content-wrapper\"><p>[vc_row][vc_column width=\u00bb1\/4&#8243; css=\u00bb.vc_custom_1560778479070{padding-bottom: 50px !important;}\u00bb]<style type=\"text\/css\" data-type=\"the7_shortcodes-inline-css\">.shortcode-single-image-wrap.shortcode-single-image-aa44ae9869bd3896189e816b8183e739.enable-bg-rollover .rollover i,\n.shortcode-single-image-wrap.shortcode-single-image-aa44ae9869bd3896189e816b8183e739.enable-bg-rollover .rollover-video i {\n  background: -webkit-linear-gradient();\n  background: linear-gradient();\n}\n.shortcode-single-image-wrap.shortcode-single-image-aa44ae9869bd3896189e816b8183e739 .rollover-icon {\n  font-size: 32px;\n  color: #ffffff;\n  min-width: 44px;\n  min-height: 44px;\n  line-height: 44px;\n  border-radius: 100px;\n  border-style: solid;\n  border-width: 0px;\n}\n.dt-icon-bg-on.shortcode-single-image-wrap.shortcode-single-image-aa44ae9869bd3896189e816b8183e739 .rollover-icon {\n  background: rgba(255,255,255,0.3);\n  box-shadow: none;\n}<\/style><div class=\"shortcode-single-image-wrap shortcode-single-image-aa44ae9869bd3896189e816b8183e739 alignnone  enable-bg-rollover dt-icon-bg-off\" style=\"margin-top:0px; margin-bottom:0px; margin-left:0px; margin-right:0px; width:200px;\"><div class=\"shortcode-single-image\"><div class=\"fancy-media-wrap  layzr-bg\" style=\"\"><img decoding=\"async\" class=\"preload-me lazy-load aspect\" src=\"data:image\/svg+xml,%3Csvg%20xmlns%3D&#39;http%3A%2F%2Fwww.w3.org%2F2000%2Fsvg&#39;%20viewBox%3D&#39;0%200%20150%20150&#39;%2F%3E\" data-src=\"https:\/\/solcafe.pe\/wp-content\/uploads\/2024\/10\/PERLA-DEL-AMOJU_.jpg\" data-srcset=\"https:\/\/solcafe.pe\/wp-content\/uploads\/2024\/10\/PERLA-DEL-AMOJU_.jpg 150w\" loading=\"eager\" sizes=\"(max-width: 150px) 100vw, 150px\" width=\"150\" height=\"150\"  data-dt-location=\"https:\/\/solcafe.pe\/index.php\/solcafe-3\/perla-del-amoju_\/\" style=\"--ratio: 150 \/ 150;\" alt=\"\" \/><\/div><\/div><\/div>[\/vc_column][vc_column width=\u00bb3\/4&#8243;]<div id=\"ultimate-heading-328869fb3106607ea\" class=\"uvc-heading ult-adjust-bottom-margin ultimate-heading-328869fb3106607ea uvc-5430 accent-subtitle-color\" data-hspacer=\"no_spacer\"  data-halign=\"left\" style=\"text-align:left\"><div class=\"uvc-heading-spacer no_spacer\" style=\"top\"><\/div><div class=\"uvc-main-heading ult-responsive\"  data-ultimate-target='.uvc-heading.ultimate-heading-328869fb3106607ea h3'  data-responsive-json-new='{\"font-size\":\"desktop:30px;\",\"line-height\":\"desktop:40px;\"}' ><h3 style=\"font-weight:bold;margin-bottom:5px;\">Perla del Amoj\u00fa<\/h3><\/div><\/div><div id=\"ultimate-heading-968669fb31066084d\" class=\"uvc-heading ult-adjust-bottom-margin ultimate-heading-968669fb31066084d uvc-4508 accent-subtitle-color\" data-hspacer=\"line_only\"  data-halign=\"left\" style=\"text-align:left\"><div class=\"uvc-heading-spacer line_only\" style=\"topheight:1px;\"><span class=\"uvc-headings-line\" style=\"border-style:solid;border-bottom-width:1px;border-color:#ccc;width:autopx;\"><\/span><\/div><div class=\"uvc-sub-heading ult-responsive\"  data-ultimate-target='.uvc-heading.ultimate-heading-968669fb31066084d .uvc-sub-heading '  data-responsive-json-new='{\"font-size\":\"desktop:20px;\",\"line-height\":\"desktop:30px;\"}'  style=\"font-weight:normal;margin-bottom:20px;\"><\/p>\n<p style=\"text-align: justify;\">Delicioso chocolate para taza y tableta de chocolate, elaborado con cacao selecto de nuestros socios.<\/p>\n<p><\/div><\/div>[vc_row_inner equal_height=\u00bbyes\u00bb css=\u00bb.vc_custom_1730791437713{padding-top: 10px !important;}\u00bb][vc_column_inner]<div class=\"aio-icon-component  vc_custom_1730791090542  accent-icon-color style_1\"><div id=\"Info-box-wrap-5996\" class=\"aio-icon-box default-icon\" style=\"\"  ><div class=\"aio-icon-default\"><div class=\"ult-just-icon-wrapper  \"><div class=\"align-icon\" style=\"text-align:center;\">\n<div class=\"aio-icon none \"  style=\"font-size:15px;display:inline-block;\">\n\t<i class=\"icomoon-the7-font-the7-arrow-45\"><\/i>\n<\/div><\/div><\/div><\/div><div class=\"aio-icon-header\" ><h3 class=\"aio-icon-title ult-responsive\"  data-ultimate-target='#Info-box-wrap-5996 .aio-icon-title'  data-responsive-json-new='{\"font-size\":\"desktop:20px;\",\"line-height\":\"desktop:30px;\"}'  style=\"font-family:&#039;Open Sans&#039;;font-weight:700;\">Perfiles<\/h3><\/div> <!-- header --><div class=\"aio-icon-description ult-responsive\"  data-ultimate-target='#Info-box-wrap-5996 .aio-icon-description'  data-responsive-json-new='{\"font-size\":\"\",\"line-height\":\"\"}'  style=\"\"><\/p>\n<p style=\"text-align: justify;\">Dulce intenso, ca\u00f1a dulce, mieles, florales y frutales, acidez media y cuerpo cremoso delicado.<\/p>\n<p><\/div> <!-- description --><\/div> <!-- aio-icon-box --><\/div> <!-- aio-icon-component -->[\/vc_column_inner][\/vc_row_inner][\/vc_column][\/vc_row][vc_row][vc_column width=\u00bb1\/4&#8243; css=\u00bb.vc_custom_1560778479070{padding-bottom: 50px !important;}\u00bb]<style type=\"text\/css\" data-type=\"the7_shortcodes-inline-css\">.shortcode-single-image-wrap.shortcode-single-image-4d4660f2a1c02fae161031a610bbeaf8.enable-bg-rollover .rollover i,\n.shortcode-single-image-wrap.shortcode-single-image-4d4660f2a1c02fae161031a610bbeaf8.enable-bg-rollover .rollover-video i {\n  background: -webkit-linear-gradient();\n  background: linear-gradient();\n}\n.shortcode-single-image-wrap.shortcode-single-image-4d4660f2a1c02fae161031a610bbeaf8 .rollover-icon {\n  font-size: 32px;\n  color: #ffffff;\n  min-width: 44px;\n  min-height: 44px;\n  line-height: 44px;\n  border-radius: 100px;\n  border-style: solid;\n  border-width: 0px;\n}\n.dt-icon-bg-on.shortcode-single-image-wrap.shortcode-single-image-4d4660f2a1c02fae161031a610bbeaf8 .rollover-icon {\n  background: rgba(255,255,255,0.3);\n  box-shadow: none;\n}<\/style><div class=\"shortcode-single-image-wrap shortcode-single-image-4d4660f2a1c02fae161031a610bbeaf8 alignnone  enable-bg-rollover dt-icon-bg-off\" style=\"margin-top:0px; margin-bottom:0px; margin-left:0px; margin-right:0px; width:200px;\"><div class=\"shortcode-single-image\"><div class=\"fancy-media-wrap  layzr-bg\" style=\"\"><img fetchpriority=\"high\" decoding=\"async\" class=\"preload-me lazy-load aspect\" src=\"data:image\/svg+xml,%3Csvg%20xmlns%3D&#39;http%3A%2F%2Fwww.w3.org%2F2000%2Fsvg&#39;%20viewBox%3D&#39;0%200%20186%20280&#39;%2F%3E\" data-src=\"https:\/\/solcafe.pe\/wp-content\/uploads\/2024\/12\/CHOCOLATE-PARA-TAZA_-186x280.png\" data-srcset=\"https:\/\/solcafe.pe\/wp-content\/uploads\/2024\/12\/CHOCOLATE-PARA-TAZA_-186x280.png 186w\" loading=\"eager\" sizes=\"(max-width: 186px) 100vw, 186px\" width=\"186\" height=\"280\"  data-dt-location=\"https:\/\/solcafe.pe\/index.php\/solcafe-3\/chocolate-para-taza_\/\" style=\"--ratio: 186 \/ 280;\" alt=\"\" \/><\/div><\/div><\/div>[\/vc_column][vc_column width=\u00bb3\/4&#8243;]<div id=\"ultimate-heading-244569fb3106612f7\" class=\"uvc-heading ult-adjust-bottom-margin ultimate-heading-244569fb3106612f7 uvc-6650 accent-subtitle-color\" data-hspacer=\"no_spacer\"  data-halign=\"left\" style=\"text-align:left\"><div class=\"uvc-heading-spacer no_spacer\" style=\"top\"><\/div><div class=\"uvc-main-heading ult-responsive\"  data-ultimate-target='.uvc-heading.ultimate-heading-244569fb3106612f7 h3'  data-responsive-json-new='{\"font-size\":\"desktop:30px;\",\"line-height\":\"desktop:40px;\"}' ><h3 style=\"font-weight:bold;margin-bottom:5px;\">Chocolate para taza<\/h3><\/div><\/div><div id=\"ultimate-heading-226369fb310661351\" class=\"uvc-heading ult-adjust-bottom-margin ultimate-heading-226369fb310661351 uvc-6221 accent-subtitle-color\" data-hspacer=\"line_only\"  data-halign=\"left\" style=\"text-align:left\"><div class=\"uvc-heading-spacer line_only\" style=\"topheight:1px;\"><span class=\"uvc-headings-line\" style=\"border-style:solid;border-bottom-width:1px;border-color:#ccc;width:autopx;\"><\/span><\/div><\/div>[vc_row_inner equal_height=\u00bbyes\u00bb css=\u00bb.vc_custom_1729753867968{padding-top: 45px !important;}\u00bb][vc_column_inner]<div class=\"aio-icon-component  vc_custom_1730791411855  accent-icon-color style_1\"><div id=\"Info-box-wrap-8566\" class=\"aio-icon-box default-icon\" style=\"\"  ><div class=\"aio-icon-description ult-responsive\"  data-ultimate-target='#Info-box-wrap-8566 .aio-icon-description'  data-responsive-json-new='{\"font-size\":\"\",\"line-height\":\"\"}'  style=\"\"><\/p>\n<p style=\"text-align: justify;\">Chocolate 100% natural, con aromas florales y frutales. Sabor dulce intenso con toques c\u00edtricos y cerezos con un cuerpo cremo delicado. Cacao selecto de las parcelas de nuestros socios los cuales son acopiados para el proceso de fermentaci\u00f3n y secado de los granos con los m\u00e1s altos est\u00e1ndares y as\u00ed producir una tableta de chocolate Perla del Amoj\u00fa de gran calidad.<\/p>\n<p><\/div> <!-- description --><\/div> <!-- aio-icon-box --><\/div> <!-- aio-icon-component -->[\/vc_column_inner][\/vc_row_inner][\/vc_column][\/vc_row]<\/p>\n<\/div>","protected":false},"excerpt":{"rendered":"<p>[vc_row][vc_column width=\u00bb1\/4&#8243; css=\u00bb.vc_custom_1560778479070{padding-bottom: 50px !important;}\u00bb][\/vc_column][vc_column width=\u00bb3\/4&#8243;][vc_row_inner equal_height=\u00bbyes\u00bb css=\u00bb.vc_custom_1730791437713{padding-top: 10px !important;}\u00bb][vc_column_inner][\/vc_column_inner][\/vc_row_inner][\/vc_column][\/vc_row][vc_row][vc_column width=\u00bb1\/4&#8243; css=\u00bb.vc_custom_1560778479070{padding-bottom: 50px !important;}\u00bb][\/vc_column][vc_column width=\u00bb3\/4&#8243;][vc_row_inner equal_height=\u00bbyes\u00bb css=\u00bb.vc_custom_1729753867968{padding-top: 45px !important;}\u00bb][vc_column_inner][\/vc_column_inner][\/vc_row_inner][\/vc_column][\/vc_row]<\/p>\n","protected":false},"author":1,"featured_media":2150,"parent":2137,"menu_order":4,"comment_status":"closed","ping_status":"closed","template":"","meta":{"footnotes":""},"class_list":["post-2475","page","type-page","status-publish","has-post-thumbnail","hentry","description-off"],"yoast_head":"<!-- This site is optimized with the Yoast SEO plugin v26.9 - https:\/\/yoast.com\/product\/yoast-seo-wordpress\/ -->\n<title>CHOCOLATE PERLA DEL AMOJ\u00da -<\/title>\n<meta name=\"robots\" content=\"index, follow, max-snippet:-1, max-image-preview:large, max-video-preview:-1\" \/>\n<link rel=\"canonical\" href=\"https:\/\/solcafe.pe\/index.php\/nuestros_productos\/perla_amoju\/\" \/>\n<meta property=\"og:locale\" content=\"es_ES\" \/>\n<meta property=\"og:type\" content=\"article\" \/>\n<meta property=\"og:title\" content=\"CHOCOLATE PERLA DEL AMOJ\u00da -\" \/>\n<meta property=\"og:description\" content=\"[vc_row][vc_column width=\u00bb1\/4&#8243; css=\u00bb.vc_custom_1560778479070{padding-bottom: 50px !important;}\u00bb][\/vc_column][vc_column width=\u00bb3\/4&#8243;][vc_row_inner equal_height=\u00bbyes\u00bb css=\u00bb.vc_custom_1730791437713{padding-top: 10px !important;}\u00bb][vc_column_inner][\/vc_column_inner][\/vc_row_inner][\/vc_column][\/vc_row][vc_row][vc_column width=\u00bb1\/4&#8243; css=\u00bb.vc_custom_1560778479070{padding-bottom: 50px !important;}\u00bb][\/vc_column][vc_column width=\u00bb3\/4&#8243;][vc_row_inner equal_height=\u00bbyes\u00bb css=\u00bb.vc_custom_1729753867968{padding-top: 45px !important;}\u00bb][vc_column_inner][\/vc_column_inner][\/vc_row_inner][\/vc_column][\/vc_row]\" \/>\n<meta property=\"og:url\" content=\"https:\/\/solcafe.pe\/index.php\/nuestros_productos\/perla_amoju\/\" \/>\n<meta property=\"article:publisher\" content=\"https:\/\/www.facebook.com\/cooperativasolcafe\" \/>\n<meta property=\"article:modified_time\" content=\"2024-12-21T16:35:06+00:00\" \/>\n<meta property=\"og:image\" content=\"https:\/\/solcafe.pe\/wp-content\/uploads\/2024\/10\/unn_coffee.jpg\" \/>\n\t<meta property=\"og:image:width\" content=\"200\" \/>\n\t<meta property=\"og:image:height\" content=\"200\" \/>\n\t<meta property=\"og:image:type\" content=\"image\/jpeg\" \/>\n<meta name=\"twitter:card\" content=\"summary_large_image\" \/>\n<meta name=\"twitter:label1\" content=\"Tiempo de lectura\" \/>\n\t<meta name=\"twitter:data1\" content=\"3 minutos\" \/>\n<script type=\"application\/ld+json\" class=\"yoast-schema-graph\">{\"@context\":\"https:\/\/schema.org\",\"@graph\":[{\"@type\":\"WebPage\",\"@id\":\"https:\/\/solcafe.pe\/index.php\/nuestros_productos\/perla_amoju\/\",\"url\":\"https:\/\/solcafe.pe\/index.php\/nuestros_productos\/perla_amoju\/\",\"name\":\"CHOCOLATE PERLA DEL AMOJ\u00da -\",\"isPartOf\":{\"@id\":\"https:\/\/solcafe.pe\/#website\"},\"primaryImageOfPage\":{\"@id\":\"https:\/\/solcafe.pe\/index.php\/nuestros_productos\/perla_amoju\/#primaryimage\"},\"image\":{\"@id\":\"https:\/\/solcafe.pe\/index.php\/nuestros_productos\/perla_amoju\/#primaryimage\"},\"thumbnailUrl\":\"https:\/\/solcafe.pe\/wp-content\/uploads\/2024\/10\/unn_coffee.jpg\",\"datePublished\":\"2024-10-24T07:19:50+00:00\",\"dateModified\":\"2024-12-21T16:35:06+00:00\",\"breadcrumb\":{\"@id\":\"https:\/\/solcafe.pe\/index.php\/nuestros_productos\/perla_amoju\/#breadcrumb\"},\"inLanguage\":\"es\",\"potentialAction\":[{\"@type\":\"ReadAction\",\"target\":[\"https:\/\/solcafe.pe\/index.php\/nuestros_productos\/perla_amoju\/\"]}]},{\"@type\":\"ImageObject\",\"inLanguage\":\"es\",\"@id\":\"https:\/\/solcafe.pe\/index.php\/nuestros_productos\/perla_amoju\/#primaryimage\",\"url\":\"https:\/\/solcafe.pe\/wp-content\/uploads\/2024\/10\/unn_coffee.jpg\",\"contentUrl\":\"https:\/\/solcafe.pe\/wp-content\/uploads\/2024\/10\/unn_coffee.jpg\",\"width\":200,\"height\":200},{\"@type\":\"BreadcrumbList\",\"@id\":\"https:\/\/solcafe.pe\/index.php\/nuestros_productos\/perla_amoju\/#breadcrumb\",\"itemListElement\":[{\"@type\":\"ListItem\",\"position\":1,\"name\":\"Portada\",\"item\":\"https:\/\/solcafe.pe\/\"},{\"@type\":\"ListItem\",\"position\":2,\"name\":\"Nuestros Productos\",\"item\":\"https:\/\/solcafe.pe\/index.php\/nuestros_productos\/\"},{\"@type\":\"ListItem\",\"position\":3,\"name\":\"CHOCOLATE PERLA DEL AMOJ\u00da\"}]},{\"@type\":\"WebSite\",\"@id\":\"https:\/\/solcafe.pe\/#website\",\"url\":\"https:\/\/solcafe.pe\/\",\"name\":\"Sol&Cafe\",\"description\":\"\",\"publisher\":{\"@id\":\"https:\/\/solcafe.pe\/#organization\"},\"potentialAction\":[{\"@type\":\"SearchAction\",\"target\":{\"@type\":\"EntryPoint\",\"urlTemplate\":\"https:\/\/solcafe.pe\/?s={search_term_string}\"},\"query-input\":{\"@type\":\"PropertyValueSpecification\",\"valueRequired\":true,\"valueName\":\"search_term_string\"}}],\"inLanguage\":\"es\"},{\"@type\":\"Organization\",\"@id\":\"https:\/\/solcafe.pe\/#organization\",\"name\":\"Cooperativa de Servicios M\u00faltiples Sol&Caf\u00e9\",\"url\":\"https:\/\/solcafe.pe\/\",\"logo\":{\"@type\":\"ImageObject\",\"inLanguage\":\"es\",\"@id\":\"https:\/\/solcafe.pe\/#\/schema\/logo\/image\/\",\"url\":\"https:\/\/solcafe.pe\/wp-content\/uploads\/2026\/02\/logo_only.png\",\"contentUrl\":\"https:\/\/solcafe.pe\/wp-content\/uploads\/2026\/02\/logo_only.png\",\"width\":436,\"height\":471,\"caption\":\"Cooperativa de Servicios M\u00faltiples Sol&Caf\u00e9\"},\"image\":{\"@id\":\"https:\/\/solcafe.pe\/#\/schema\/logo\/image\/\"},\"sameAs\":[\"https:\/\/www.facebook.com\/cooperativasolcafe\"]}]}<\/script>\n<!-- \/ Yoast SEO plugin. -->","yoast_head_json":{"title":"CHOCOLATE PERLA DEL AMOJ\u00da -","robots":{"index":"index","follow":"follow","max-snippet":"max-snippet:-1","max-image-preview":"max-image-preview:large","max-video-preview":"max-video-preview:-1"},"canonical":"https:\/\/solcafe.pe\/index.php\/nuestros_productos\/perla_amoju\/","og_locale":"es_ES","og_type":"article","og_title":"CHOCOLATE PERLA DEL AMOJ\u00da -","og_description":"[vc_row][vc_column width=\u00bb1\/4&#8243; css=\u00bb.vc_custom_1560778479070{padding-bottom: 50px !important;}\u00bb][\/vc_column][vc_column width=\u00bb3\/4&#8243;][vc_row_inner equal_height=\u00bbyes\u00bb css=\u00bb.vc_custom_1730791437713{padding-top: 10px !important;}\u00bb][vc_column_inner][\/vc_column_inner][\/vc_row_inner][\/vc_column][\/vc_row][vc_row][vc_column width=\u00bb1\/4&#8243; css=\u00bb.vc_custom_1560778479070{padding-bottom: 50px !important;}\u00bb][\/vc_column][vc_column width=\u00bb3\/4&#8243;][vc_row_inner equal_height=\u00bbyes\u00bb css=\u00bb.vc_custom_1729753867968{padding-top: 45px !important;}\u00bb][vc_column_inner][\/vc_column_inner][\/vc_row_inner][\/vc_column][\/vc_row]","og_url":"https:\/\/solcafe.pe\/index.php\/nuestros_productos\/perla_amoju\/","article_publisher":"https:\/\/www.facebook.com\/cooperativasolcafe","article_modified_time":"2024-12-21T16:35:06+00:00","og_image":[{"width":200,"height":200,"url":"https:\/\/solcafe.pe\/wp-content\/uploads\/2024\/10\/unn_coffee.jpg","type":"image\/jpeg"}],"twitter_card":"summary_large_image","twitter_misc":{"Tiempo de lectura":"3 minutos"},"schema":{"@context":"https:\/\/schema.org","@graph":[{"@type":"WebPage","@id":"https:\/\/solcafe.pe\/index.php\/nuestros_productos\/perla_amoju\/","url":"https:\/\/solcafe.pe\/index.php\/nuestros_productos\/perla_amoju\/","name":"CHOCOLATE PERLA DEL AMOJ\u00da -","isPartOf":{"@id":"https:\/\/solcafe.pe\/#website"},"primaryImageOfPage":{"@id":"https:\/\/solcafe.pe\/index.php\/nuestros_productos\/perla_amoju\/#primaryimage"},"image":{"@id":"https:\/\/solcafe.pe\/index.php\/nuestros_productos\/perla_amoju\/#primaryimage"},"thumbnailUrl":"https:\/\/solcafe.pe\/wp-content\/uploads\/2024\/10\/unn_coffee.jpg","datePublished":"2024-10-24T07:19:50+00:00","dateModified":"2024-12-21T16:35:06+00:00","breadcrumb":{"@id":"https:\/\/solcafe.pe\/index.php\/nuestros_productos\/perla_amoju\/#breadcrumb"},"inLanguage":"es","potentialAction":[{"@type":"ReadAction","target":["https:\/\/solcafe.pe\/index.php\/nuestros_productos\/perla_amoju\/"]}]},{"@type":"ImageObject","inLanguage":"es","@id":"https:\/\/solcafe.pe\/index.php\/nuestros_productos\/perla_amoju\/#primaryimage","url":"https:\/\/solcafe.pe\/wp-content\/uploads\/2024\/10\/unn_coffee.jpg","contentUrl":"https:\/\/solcafe.pe\/wp-content\/uploads\/2024\/10\/unn_coffee.jpg","width":200,"height":200},{"@type":"BreadcrumbList","@id":"https:\/\/solcafe.pe\/index.php\/nuestros_productos\/perla_amoju\/#breadcrumb","itemListElement":[{"@type":"ListItem","position":1,"name":"Portada","item":"https:\/\/solcafe.pe\/"},{"@type":"ListItem","position":2,"name":"Nuestros Productos","item":"https:\/\/solcafe.pe\/index.php\/nuestros_productos\/"},{"@type":"ListItem","position":3,"name":"CHOCOLATE PERLA DEL AMOJ\u00da"}]},{"@type":"WebSite","@id":"https:\/\/solcafe.pe\/#website","url":"https:\/\/solcafe.pe\/","name":"Sol&Cafe","description":"","publisher":{"@id":"https:\/\/solcafe.pe\/#organization"},"potentialAction":[{"@type":"SearchAction","target":{"@type":"EntryPoint","urlTemplate":"https:\/\/solcafe.pe\/?s={search_term_string}"},"query-input":{"@type":"PropertyValueSpecification","valueRequired":true,"valueName":"search_term_string"}}],"inLanguage":"es"},{"@type":"Organization","@id":"https:\/\/solcafe.pe\/#organization","name":"Cooperativa de Servicios M\u00faltiples Sol&Caf\u00e9","url":"https:\/\/solcafe.pe\/","logo":{"@type":"ImageObject","inLanguage":"es","@id":"https:\/\/solcafe.pe\/#\/schema\/logo\/image\/","url":"https:\/\/solcafe.pe\/wp-content\/uploads\/2026\/02\/logo_only.png","contentUrl":"https:\/\/solcafe.pe\/wp-content\/uploads\/2026\/02\/logo_only.png","width":436,"height":471,"caption":"Cooperativa de Servicios M\u00faltiples Sol&Caf\u00e9"},"image":{"@id":"https:\/\/solcafe.pe\/#\/schema\/logo\/image\/"},"sameAs":["https:\/\/www.facebook.com\/cooperativasolcafe"]}]}},"_links":{"self":[{"href":"https:\/\/solcafe.pe\/index.php\/wp-json\/wp\/v2\/pages\/2475","targetHints":{"allow":["GET"]}}],"collection":[{"href":"https:\/\/solcafe.pe\/index.php\/wp-json\/wp\/v2\/pages"}],"about":[{"href":"https:\/\/solcafe.pe\/index.php\/wp-json\/wp\/v2\/types\/page"}],"author":[{"embeddable":true,"href":"https:\/\/solcafe.pe\/index.php\/wp-json\/wp\/v2\/users\/1"}],"replies":[{"embeddable":true,"href":"https:\/\/solcafe.pe\/index.php\/wp-json\/wp\/v2\/comments?post=2475"}],"version-history":[{"count":13,"href":"https:\/\/solcafe.pe\/index.php\/wp-json\/wp\/v2\/pages\/2475\/revisions"}],"predecessor-version":[{"id":3214,"href":"https:\/\/solcafe.pe\/index.php\/wp-json\/wp\/v2\/pages\/2475\/revisions\/3214"}],"up":[{"embeddable":true,"href":"https:\/\/solcafe.pe\/index.php\/wp-json\/wp\/v2\/pages\/2137"}],"wp:featuredmedia":[{"embeddable":true,"href":"https:\/\/solcafe.pe\/index.php\/wp-json\/wp\/v2\/media\/2150"}],"wp:attachment":[{"href":"https:\/\/solcafe.pe\/index.php\/wp-json\/wp\/v2\/media?parent=2475"}],"curies":[{"name":"wp","href":"https:\/\/api.w.org\/{rel}","templated":true}]}}