{"id":3134,"date":"2024-12-18T00:45:10","date_gmt":"2024-12-18T05:45:10","guid":{"rendered":"https:\/\/solcafe.pe\/?page_id=3134"},"modified":"2025-01-08T10:20:37","modified_gmt":"2025-01-08T15:20:37","slug":"servicios_financieros","status":"publish","type":"page","link":"https:\/\/solcafe.pe\/index.php\/servicios\/servicios_financieros\/","title":{"rendered":"Servicios Financieros"},"content":{"rendered":"<div class=\"wpb-content-wrapper\"><p>[vc_row][vc_column css=\u00bb.vc_custom_1728079584803{padding-bottom: 10px !important;}\u00bb][\/vc_column][\/vc_row][vc_row][vc_column width=\u00bb1\/2&#8243; css=\u00bb.vc_custom_1729879544589{padding-bottom: 10px !important;}\u00bb][vc_column_text css=\u00bb.vc_custom_1736349631383{margin-bottom: 10px !important;}\u00bb]<\/p>\n<p style=\"text-align: justify;\">El servicio de soporte financiero va dirigido a sus socios; \u00e9ste servicio se brinda previo a una recepci\u00f3n de solicitudes, an\u00e1lisis, colocaci\u00f3n, seguimiento, recuperaci\u00f3n de adelantos de acopio, pre cosecha, sostenimiento familiar, rehabilitaci\u00f3n, fertilizaci\u00f3n. Adem\u00e1s, se brinda el servicio de soporte financiero a los colaboradores.<\/p>\n<p>[\/vc_column_text][\/vc_column][vc_column width=\u00bb1\/2&#8243;]<style type=\"text\/css\" data-type=\"the7_shortcodes-inline-css\">.carousel-shortcode.carousel-shortcode-id-ee5b593729d9972d6032ae315bec0268.owl-carousel .owl-nav div {\n  width: 36px;\n  height: 36px;\n  border-radius: 500px;\n}\n.dt-arrow-border-on.carousel-shortcode.carousel-shortcode-id-ee5b593729d9972d6032ae315bec0268.owl-carousel .owl-nav div:not(:hover):before {\n  border-width: 0px;\n}\n.dt-arrow-hover-border-on.carousel-shortcode.carousel-shortcode-id-ee5b593729d9972d6032ae315bec0268.owl-carousel .owl-nav div:hover:after {\n  border-width: 0px;\n}\n.carousel-shortcode.carousel-shortcode-id-ee5b593729d9972d6032ae315bec0268.owl-carousel .owl-nav div.owl-prev {\n  top: 50%;\n  transform: translateY(calc(-50% + 0px));\n  left: -43px;\n}\n@media all and (-ms-high-contrast: none) {\n  .carousel-shortcode.carousel-shortcode-id-ee5b593729d9972d6032ae315bec0268.owl-carousel .owl-nav div.owl-prev {\n    transform: translateY(-50%);\n    margin-top: 0px;\n  }\n}\n.carousel-shortcode.carousel-shortcode-id-ee5b593729d9972d6032ae315bec0268.owl-carousel .owl-nav div.owl-prev i {\n  padding: 0px 0px 0px 0px;\n}\n.carousel-shortcode.carousel-shortcode-id-ee5b593729d9972d6032ae315bec0268.owl-carousel .owl-nav div.owl-next {\n  top: 50%;\n  transform: translateY(calc(-50% + 0px));\n  right: -43px;\n}\n@media all and (-ms-high-contrast: none) {\n  .carousel-shortcode.carousel-shortcode-id-ee5b593729d9972d6032ae315bec0268.owl-carousel .owl-nav div.owl-next {\n    transform: translateY(-50%);\n    margin-top: 0px;\n  }\n}\n.carousel-shortcode.carousel-shortcode-id-ee5b593729d9972d6032ae315bec0268.owl-carousel .owl-nav div.owl-next i {\n  padding: 0px 0px 0px 0px;\n}\n.carousel-shortcode.carousel-shortcode-id-ee5b593729d9972d6032ae315bec0268.owl-carousel .owl-nav i {\n  font-size: 18px;\n}\n.carousel-shortcode.carousel-shortcode-id-ee5b593729d9972d6032ae315bec0268.owl-carousel .owl-nav div:not(:hover) i,\n.carousel-shortcode.carousel-shortcode-id-ee5b593729d9972d6032ae315bec0268.owl-carousel .owl-nav div:not(:hover) i:before {\n  color: #ffffff;\n  background: none;\n}\n.carousel-shortcode.carousel-shortcode-id-ee5b593729d9972d6032ae315bec0268.owl-carousel .owl-nav div:hover i,\n.carousel-shortcode.carousel-shortcode-id-ee5b593729d9972d6032ae315bec0268.owl-carousel .owl-nav div:hover i:before {\n  color: rgba(255,255,255,0.75);\n  background: none;\n}\n.carousel-shortcode.carousel-shortcode-id-ee5b593729d9972d6032ae315bec0268 .owl-dots {\n  top: calc(100% + 20px);\n  left: 50%;\n  transform: translateX(calc(-50% + 0px));\n}\n@media all and (-ms-high-contrast: none) {\n  .carousel-shortcode.carousel-shortcode-id-ee5b593729d9972d6032ae315bec0268 .owl-dots {\n    transform: translateX(-50%);\n    margin-left: 0px;\n  }\n}\n.carousel-shortcode.carousel-shortcode-id-ee5b593729d9972d6032ae315bec0268 .owl-dot {\n  width: 10px;\n  height: 10px;\n  margin: 0 8px;\n}\n.bullets-scale-up.carousel-shortcode.carousel-shortcode-id-ee5b593729d9972d6032ae315bec0268 .owl-dot:not(.active):not(:hover) span {\n  background: #1d8f51;\n}\n.bullets-scale-up.carousel-shortcode.carousel-shortcode-id-ee5b593729d9972d6032ae315bec0268 .owl-dot:not(.active):hover span,\n.bullets-scale-up.carousel-shortcode.carousel-shortcode-id-ee5b593729d9972d6032ae315bec0268 .owl-dot.active span {\n  background: #1d8f51;\n}\n.bullets-stroke.carousel-shortcode.carousel-shortcode-id-ee5b593729d9972d6032ae315bec0268 .owl-dot:not(.active):not(:hover) span {\n  background: #1d8f51;\n}\n.bullets-stroke.carousel-shortcode.carousel-shortcode-id-ee5b593729d9972d6032ae315bec0268 .owl-dot:not(.active):hover span {\n  background: #1d8f51;\n}\n.bullets-stroke.carousel-shortcode.carousel-shortcode-id-ee5b593729d9972d6032ae315bec0268 .owl-dot.active span {\n  box-shadow: 0 0 0 2px #1d8f51;\n}\n.bullets-fill-in.carousel-shortcode.carousel-shortcode-id-ee5b593729d9972d6032ae315bec0268 .owl-dot:not(.active):not(:hover) span {\n  box-shadow: inset 0 0 0 2px #1d8f51;\n}\n.bullets-fill-in.carousel-shortcode.carousel-shortcode-id-ee5b593729d9972d6032ae315bec0268 .owl-dot:not(.active):hover span {\n  box-shadow: inset 0 0 0 2px #1d8f51;\n}\n.bullets-fill-in.carousel-shortcode.carousel-shortcode-id-ee5b593729d9972d6032ae315bec0268 .owl-dot.active span {\n  box-shadow: inset 0 0 0 20px #1d8f51;\n}\n.bullets-small-dot-stroke.carousel-shortcode.carousel-shortcode-id-ee5b593729d9972d6032ae315bec0268 .owl-dot:not(.active):not(:hover) span {\n  background: #1d8f51;\n}\n.bullets-small-dot-stroke.carousel-shortcode.carousel-shortcode-id-ee5b593729d9972d6032ae315bec0268 .owl-dot:not(.active):hover span,\n.bullets-small-dot-stroke.carousel-shortcode.carousel-shortcode-id-ee5b593729d9972d6032ae315bec0268 .owl-dot.active span {\n  background: #1d8f51;\n}\n.bullets-small-dot-stroke.carousel-shortcode.carousel-shortcode-id-ee5b593729d9972d6032ae315bec0268 .owl-dot.active {\n  box-shadow: 0 0 0 2px #1d8f51;\n}\n.bullets-ubax.carousel-shortcode.carousel-shortcode-id-ee5b593729d9972d6032ae315bec0268 .owl-dot span {\n  background: #1d8f51;\n}\n.bullets-ubax.carousel-shortcode.carousel-shortcode-id-ee5b593729d9972d6032ae315bec0268 .owl-dot.active span {\n  border-color: #1d8f51;\n}\n.bullets-ubax.carousel-shortcode.carousel-shortcode-id-ee5b593729d9972d6032ae315bec0268 .owl-dot:not(.active):hover span {\n  background: #1d8f51;\n}\n.bullets-etefu.carousel-shortcode.carousel-shortcode-id-ee5b593729d9972d6032ae315bec0268 .owl-dot span {\n  background: #1d8f51;\n}\n.bullets-etefu.carousel-shortcode.carousel-shortcode-id-ee5b593729d9972d6032ae315bec0268 .owl-dot:not(.active):hover span {\n  background: #1d8f51;\n}\n.bullets-etefu.carousel-shortcode.carousel-shortcode-id-ee5b593729d9972d6032ae315bec0268 .owl-dot span:before {\n  background: #1d8f51;\n}\n.accent-gradient .bullets-etefu.carousel-shortcode.carousel-shortcode-id-ee5b593729d9972d6032ae315bec0268 .owl-dot span:before {\n  background: #1d8f51;\n}\n@media screen and (max-width: 778px) {\n  .carousel-shortcode.carousel-shortcode-id-ee5b593729d9972d6032ae315bec0268.hide-arrows .owl-nav a {\n    display: none;\n  }\n}\n@media screen and (max-width: 778px) {\n  .carousel-shortcode.carousel-shortcode-id-ee5b593729d9972d6032ae315bec0268.reposition-arrows .owl-nav div.owl-prev {\n    top: 50%;\n    transform: translateY(calc(-50% + 0px));\n    left: 10px;\n  }\n  .carousel-shortcode.carousel-shortcode-id-ee5b593729d9972d6032ae315bec0268.reposition-arrows .owl-nav div.owl-next {\n    top: 50%;\n    transform: translateY(calc(-50% + 0px));\n    right: 10px;\n  }\n}\n@media screen and (max-width: 778px) and all and (-ms-high-contrast: none) {\n  .carousel-shortcode.carousel-shortcode-id-ee5b593729d9972d6032ae315bec0268.reposition-arrows .owl-nav div.owl-prev {\n    transform: translateY(-50%);\n    margin-top: 0px;\n  }\n}\n@media screen and (max-width: 778px) and all and (-ms-high-contrast: none) {\n  .carousel-shortcode.carousel-shortcode-id-ee5b593729d9972d6032ae315bec0268.reposition-arrows .owl-nav div.owl-next {\n    transform: translateY(-50%);\n    margin-top: 0px;\n  }\n}<\/style><div class=\"owl-carousel carousel-shortcode dt-owl-carousel-call carousel-shortcode-id-ee5b593729d9972d6032ae315bec0268 bullets-small-dot-stroke reposition-arrows arrows-bg-on dt-arrow-border-on dt-arrow-hover-border-on disable-arrows-hover-bg arrows-hover-bg-on  \" data-scroll-mode=\"1\" data-col-num=\"1\" data-wide-col-num=\"1\" data-laptop-col=\"1\" data-h-tablet-columns-num=\"1\" data-v-tablet-columns-num=\"1\" data-phone-columns-num=\"1\" data-auto-height=\"true\" data-col-gap=\"30\" data-stage-padding=\"0\" data-speed=\"600\" data-autoplay=\"true\" data-autoplay_speed=\"3000\" data-arrows=\"false\" data-bullet=\"true\" data-next-icon=\"icon-ar-017-r\" data-prev-icon=\"icon-ar-017-l\">[vc_single_image image=\u00bb3239&#8243; img_size=\u00bb600*400&#8243; css=\u00bb\u00bb]<\/div>[\/vc_column][\/vc_row]<\/p>\n<\/div>","protected":false},"excerpt":{"rendered":"<p>[vc_row][vc_column css=\u00bb.vc_custom_1728079584803{padding-bottom: 10px !important;}\u00bb][\/vc_column][\/vc_row][vc_row][vc_column width=\u00bb1\/2&#8243; css=\u00bb.vc_custom_1729879544589{padding-bottom: 10px !important;}\u00bb][vc_column_text css=\u00bb.vc_custom_1736349631383{margin-bottom: 10px !important;}\u00bb] El servicio de soporte financiero va dirigido a sus socios; \u00e9ste servicio se brinda previo a una recepci\u00f3n de solicitudes, an\u00e1lisis, colocaci\u00f3n, seguimiento, recuperaci\u00f3n de adelantos de acopio, pre cosecha, sostenimiento familiar, rehabilitaci\u00f3n, fertilizaci\u00f3n. Adem\u00e1s, se brinda el servicio de soporte financiero a los&hellip;<\/p>\n","protected":false},"author":1,"featured_media":0,"parent":2495,"menu_order":5,"comment_status":"closed","ping_status":"closed","template":"","meta":{"footnotes":""},"class_list":["post-3134","page","type-page","status-publish","hentry","description-off"],"yoast_head":"<!-- This site is optimized with the Yoast SEO plugin v26.9 - https:\/\/yoast.com\/product\/yoast-seo-wordpress\/ -->\n<title>Servicios Financieros -<\/title>\n<meta name=\"robots\" content=\"index, follow, max-snippet:-1, max-image-preview:large, max-video-preview:-1\" \/>\n<link rel=\"canonical\" href=\"https:\/\/solcafe.pe\/index.php\/servicios\/servicios_financieros\/\" \/>\n<meta property=\"og:locale\" content=\"es_ES\" \/>\n<meta property=\"og:type\" content=\"article\" \/>\n<meta property=\"og:title\" content=\"Servicios Financieros -\" \/>\n<meta property=\"og:description\" content=\"[vc_row][vc_column css=\u00bb.vc_custom_1728079584803{padding-bottom: 10px !important;}\u00bb][\/vc_column][\/vc_row][vc_row][vc_column width=\u00bb1\/2&#8243; css=\u00bb.vc_custom_1729879544589{padding-bottom: 10px !important;}\u00bb][vc_column_text css=\u00bb.vc_custom_1736349631383{margin-bottom: 10px !important;}\u00bb] El servicio de soporte financiero va dirigido a sus socios; \u00e9ste servicio se brinda previo a una recepci\u00f3n de solicitudes, an\u00e1lisis, colocaci\u00f3n, seguimiento, recuperaci\u00f3n de adelantos de acopio, pre cosecha, sostenimiento familiar, rehabilitaci\u00f3n, fertilizaci\u00f3n. Adem\u00e1s, se brinda el servicio de soporte financiero a los&hellip;\" \/>\n<meta property=\"og:url\" content=\"https:\/\/solcafe.pe\/index.php\/servicios\/servicios_financieros\/\" \/>\n<meta property=\"article:publisher\" content=\"https:\/\/www.facebook.com\/cooperativasolcafe\" \/>\n<meta property=\"article:modified_time\" content=\"2025-01-08T15:20:37+00:00\" \/>\n<meta name=\"twitter:card\" content=\"summary_large_image\" \/>\n<meta name=\"twitter:label1\" content=\"Tiempo de lectura\" \/>\n\t<meta name=\"twitter:data1\" content=\"1 minuto\" \/>\n<script type=\"application\/ld+json\" class=\"yoast-schema-graph\">{\"@context\":\"https:\/\/schema.org\",\"@graph\":[{\"@type\":\"WebPage\",\"@id\":\"https:\/\/solcafe.pe\/index.php\/servicios\/servicios_financieros\/\",\"url\":\"https:\/\/solcafe.pe\/index.php\/servicios\/servicios_financieros\/\",\"name\":\"Servicios Financieros -\",\"isPartOf\":{\"@id\":\"https:\/\/solcafe.pe\/#website\"},\"datePublished\":\"2024-12-18T05:45:10+00:00\",\"dateModified\":\"2025-01-08T15:20:37+00:00\",\"breadcrumb\":{\"@id\":\"https:\/\/solcafe.pe\/index.php\/servicios\/servicios_financieros\/#breadcrumb\"},\"inLanguage\":\"es\",\"potentialAction\":[{\"@type\":\"ReadAction\",\"target\":[\"https:\/\/solcafe.pe\/index.php\/servicios\/servicios_financieros\/\"]}]},{\"@type\":\"BreadcrumbList\",\"@id\":\"https:\/\/solcafe.pe\/index.php\/servicios\/servicios_financieros\/#breadcrumb\",\"itemListElement\":[{\"@type\":\"ListItem\",\"position\":1,\"name\":\"Portada\",\"item\":\"https:\/\/solcafe.pe\/\"},{\"@type\":\"ListItem\",\"position\":2,\"name\":\"Nuestros Servicios\",\"item\":\"https:\/\/solcafe.pe\/index.php\/servicios\/\"},{\"@type\":\"ListItem\",\"position\":3,\"name\":\"Servicios Financieros\"}]},{\"@type\":\"WebSite\",\"@id\":\"https:\/\/solcafe.pe\/#website\",\"url\":\"https:\/\/solcafe.pe\/\",\"name\":\"Sol&Cafe\",\"description\":\"\",\"publisher\":{\"@id\":\"https:\/\/solcafe.pe\/#organization\"},\"potentialAction\":[{\"@type\":\"SearchAction\",\"target\":{\"@type\":\"EntryPoint\",\"urlTemplate\":\"https:\/\/solcafe.pe\/?s={search_term_string}\"},\"query-input\":{\"@type\":\"PropertyValueSpecification\",\"valueRequired\":true,\"valueName\":\"search_term_string\"}}],\"inLanguage\":\"es\"},{\"@type\":\"Organization\",\"@id\":\"https:\/\/solcafe.pe\/#organization\",\"name\":\"Cooperativa de Servicios M\u00faltiples Sol&Caf\u00e9\",\"url\":\"https:\/\/solcafe.pe\/\",\"logo\":{\"@type\":\"ImageObject\",\"inLanguage\":\"es\",\"@id\":\"https:\/\/solcafe.pe\/#\/schema\/logo\/image\/\",\"url\":\"https:\/\/solcafe.pe\/wp-content\/uploads\/2026\/02\/logo_only.png\",\"contentUrl\":\"https:\/\/solcafe.pe\/wp-content\/uploads\/2026\/02\/logo_only.png\",\"width\":436,\"height\":471,\"caption\":\"Cooperativa de Servicios M\u00faltiples Sol&Caf\u00e9\"},\"image\":{\"@id\":\"https:\/\/solcafe.pe\/#\/schema\/logo\/image\/\"},\"sameAs\":[\"https:\/\/www.facebook.com\/cooperativasolcafe\"]}]}<\/script>\n<!-- \/ Yoast SEO plugin. -->","yoast_head_json":{"title":"Servicios Financieros -","robots":{"index":"index","follow":"follow","max-snippet":"max-snippet:-1","max-image-preview":"max-image-preview:large","max-video-preview":"max-video-preview:-1"},"canonical":"https:\/\/solcafe.pe\/index.php\/servicios\/servicios_financieros\/","og_locale":"es_ES","og_type":"article","og_title":"Servicios Financieros -","og_description":"[vc_row][vc_column css=\u00bb.vc_custom_1728079584803{padding-bottom: 10px !important;}\u00bb][\/vc_column][\/vc_row][vc_row][vc_column width=\u00bb1\/2&#8243; css=\u00bb.vc_custom_1729879544589{padding-bottom: 10px !important;}\u00bb][vc_column_text css=\u00bb.vc_custom_1736349631383{margin-bottom: 10px !important;}\u00bb] El servicio de soporte financiero va dirigido a sus socios; \u00e9ste servicio se brinda previo a una recepci\u00f3n de solicitudes, an\u00e1lisis, colocaci\u00f3n, seguimiento, recuperaci\u00f3n de adelantos de acopio, pre cosecha, sostenimiento familiar, rehabilitaci\u00f3n, fertilizaci\u00f3n. Adem\u00e1s, se brinda el servicio de soporte financiero a los&hellip;","og_url":"https:\/\/solcafe.pe\/index.php\/servicios\/servicios_financieros\/","article_publisher":"https:\/\/www.facebook.com\/cooperativasolcafe","article_modified_time":"2025-01-08T15:20:37+00:00","twitter_card":"summary_large_image","twitter_misc":{"Tiempo de lectura":"1 minuto"},"schema":{"@context":"https:\/\/schema.org","@graph":[{"@type":"WebPage","@id":"https:\/\/solcafe.pe\/index.php\/servicios\/servicios_financieros\/","url":"https:\/\/solcafe.pe\/index.php\/servicios\/servicios_financieros\/","name":"Servicios Financieros -","isPartOf":{"@id":"https:\/\/solcafe.pe\/#website"},"datePublished":"2024-12-18T05:45:10+00:00","dateModified":"2025-01-08T15:20:37+00:00","breadcrumb":{"@id":"https:\/\/solcafe.pe\/index.php\/servicios\/servicios_financieros\/#breadcrumb"},"inLanguage":"es","potentialAction":[{"@type":"ReadAction","target":["https:\/\/solcafe.pe\/index.php\/servicios\/servicios_financieros\/"]}]},{"@type":"BreadcrumbList","@id":"https:\/\/solcafe.pe\/index.php\/servicios\/servicios_financieros\/#breadcrumb","itemListElement":[{"@type":"ListItem","position":1,"name":"Portada","item":"https:\/\/solcafe.pe\/"},{"@type":"ListItem","position":2,"name":"Nuestros Servicios","item":"https:\/\/solcafe.pe\/index.php\/servicios\/"},{"@type":"ListItem","position":3,"name":"Servicios Financieros"}]},{"@type":"WebSite","@id":"https:\/\/solcafe.pe\/#website","url":"https:\/\/solcafe.pe\/","name":"Sol&Cafe","description":"","publisher":{"@id":"https:\/\/solcafe.pe\/#organization"},"potentialAction":[{"@type":"SearchAction","target":{"@type":"EntryPoint","urlTemplate":"https:\/\/solcafe.pe\/?s={search_term_string}"},"query-input":{"@type":"PropertyValueSpecification","valueRequired":true,"valueName":"search_term_string"}}],"inLanguage":"es"},{"@type":"Organization","@id":"https:\/\/solcafe.pe\/#organization","name":"Cooperativa de Servicios M\u00faltiples Sol&Caf\u00e9","url":"https:\/\/solcafe.pe\/","logo":{"@type":"ImageObject","inLanguage":"es","@id":"https:\/\/solcafe.pe\/#\/schema\/logo\/image\/","url":"https:\/\/solcafe.pe\/wp-content\/uploads\/2026\/02\/logo_only.png","contentUrl":"https:\/\/solcafe.pe\/wp-content\/uploads\/2026\/02\/logo_only.png","width":436,"height":471,"caption":"Cooperativa de Servicios M\u00faltiples Sol&Caf\u00e9"},"image":{"@id":"https:\/\/solcafe.pe\/#\/schema\/logo\/image\/"},"sameAs":["https:\/\/www.facebook.com\/cooperativasolcafe"]}]}},"_links":{"self":[{"href":"https:\/\/solcafe.pe\/index.php\/wp-json\/wp\/v2\/pages\/3134","targetHints":{"allow":["GET"]}}],"collection":[{"href":"https:\/\/solcafe.pe\/index.php\/wp-json\/wp\/v2\/pages"}],"about":[{"href":"https:\/\/solcafe.pe\/index.php\/wp-json\/wp\/v2\/types\/page"}],"author":[{"embeddable":true,"href":"https:\/\/solcafe.pe\/index.php\/wp-json\/wp\/v2\/users\/1"}],"replies":[{"embeddable":true,"href":"https:\/\/solcafe.pe\/index.php\/wp-json\/wp\/v2\/comments?post=3134"}],"version-history":[{"count":10,"href":"https:\/\/solcafe.pe\/index.php\/wp-json\/wp\/v2\/pages\/3134\/revisions"}],"predecessor-version":[{"id":3243,"href":"https:\/\/solcafe.pe\/index.php\/wp-json\/wp\/v2\/pages\/3134\/revisions\/3243"}],"up":[{"embeddable":true,"href":"https:\/\/solcafe.pe\/index.php\/wp-json\/wp\/v2\/pages\/2495"}],"wp:attachment":[{"href":"https:\/\/solcafe.pe\/index.php\/wp-json\/wp\/v2\/media?parent=3134"}],"curies":[{"name":"wp","href":"https:\/\/api.w.org\/{rel}","templated":true}]}}